{"id":42,"date":"2014-04-11T19:47:10","date_gmt":"2014-04-11T17:47:10","guid":{"rendered":"http:\/\/ninakrea.de\/blog\/?page_id=42"},"modified":"2026-02-12T10:03:14","modified_gmt":"2026-02-12T08:03:14","slug":"ueber-mich","status":"publish","type":"page","link":"https:\/\/www.ninakrea.de\/blog\/ueber-mich\/","title":{"rendered":"\u00dcber uns"},"content":{"rendered":"\n<p>Die Geschichte von ninaKrea beginnt mit einer gro\u00dfen Leidenschaft. Meine Frau Nina entdeckte schon fr\u00fch ihre Liebe zum N\u00e4hen \u2013 inspiriert von ihrer Mama, die schon immer wundersch\u00f6ne Kleidung f\u00fcr die ganze Familie geschneidert hat. F\u00fcr Nina ging es beim N\u00e4hen allerdings schnell in eine ganz eigene Richtung: Ihre Leidenschaft galt den \u201ekleinen&#8220; Dingen \u2013 T\u00e4schchen, Kissenh\u00fcllen, Patchwork und kuschelige Freunde f\u00fcr die Kleinsten.<\/p>\n\n\n\n<p>Vor mehr als 10 Jahren entdeckte sie dann die wunderbare Welt von Tilda. Die zauberhaften Stoffe, B\u00fccher und Produkte von Tone Finnanger haben sie sofort in ihren Bann gezogen \u2013 und bis heute nicht mehr losgelassen. Aus dieser Begeisterung heraus entstand 2011 ein kleiner Shop auf Dawanda und 2014 schlie\u00dflich unser <a href=\"https:\/\/www.ninakrea.de\">eigener Webshop<\/a>.<\/p>\n\n\n\n<p>\u00dcber die Jahre ist ninaKrea zu einer festen Adresse f\u00fcr alle geworden, die hochwertige Patchwork- und Quiltstoffe lieben \u2013 von Tilda \u00fcber Moda Fabrics und Art Gallery Fabrics bis hin zu Riley Blake.<\/p>\n\n\n\n<h2 class=\"wp-block-heading\"><strong>Ein neues Kapitel<\/strong><\/h2>\n\n\n\n<p>Seit Februar 2026 f\u00fchre ich, Dirk, ninaKrea weiter. Nina kann den Shop aus gesundheitlichen Gr\u00fcnden leider nicht mehr selbst betreiben. Es war uns beiden wichtig, dass ninaKrea weiterlebt \u2013 mit der gleichen Sorgfalt, der gleichen Liebe zu sch\u00f6nen Stoffen und dem gleichen Anspruch an pers\u00f6nlichen Service, den ihr von Nina kennt und sch\u00e4tzt.<\/p>\n\n\n\n<p>Auch wenn sich hinter den Kulissen einiges ver\u00e4ndert hat, bleibt unser Versprechen an euch dasselbe: eine liebevoll kuratierte Auswahl der sch\u00f6nsten Patchwork- und Quiltstoffe, schneller Versand und ein offenes Ohr f\u00fcr eure Fragen und W\u00fcnsche.<\/p>\n\n\n\n<p>Wir freuen uns, dass ihr Teil der ninaKrea-Geschichte seid \u2013 und auf alles, was noch kommt!<\/p>\n\n\n\n<p>Liebe Gr\u00fc\u00dfe, Dirk &amp; Nina<\/p>\n<p><a href=\"\/\/www.pinterest.com\/pin\/create\/button\/\" data-pin-do=\"buttonBookmark\" data-pin-color=\"red\" data-pin-height=\"128\"><img decoding=\"async\" src=\"\/\/assets.pinterest.com\/images\/pidgets\/pinit_fg_en_rect_red_28.png\" \/><\/a><\/p>","protected":false},"excerpt":{"rendered":"<p>Die Geschichte von ninaKrea beginnt mit einer gro\u00dfen Leidenschaft. Meine Frau Nina entdeckte schon fr\u00fch ihre Liebe zum N\u00e4hen \u2013 inspiriert von ihrer Mama, die schon immer wundersch\u00f6ne Kleidung f\u00fcr die ganze Familie geschneidert hat. F\u00fcr Nina ging es beim N\u00e4hen allerdings schnell in eine ganz eigene Richtung: Ihre Leidenschaft galt den \u201ekleinen&#8220; Dingen \u2013 &hellip; <a href=\"https:\/\/www.ninakrea.de\/blog\/ueber-mich\/\" class=\"more-link\"><span class=\"screen-reader-text\">\u00dcber uns<\/span> weiterlesen<\/a><\/p>\n","protected":false},"author":1,"featured_media":0,"parent":0,"menu_order":0,"comment_status":"closed","ping_status":"closed","template":"","meta":{"footnotes":""},"class_list":["post-42","page","type-page","status-publish","hentry"],"yoast_head":"<!-- This site is optimized with the Yoast SEO plugin v27.2 - https:\/\/yoast.com\/product\/yoast-seo-wordpress\/ -->\n<title>\u00dcber uns - ninaKrea Blog<\/title>\n<meta name=\"robots\" content=\"index, follow, max-snippet:-1, max-image-preview:large, max-video-preview:-1\" \/>\n<link rel=\"canonical\" href=\"https:\/\/www.ninakrea.de\/blog\/ueber-mich\/\" \/>\n<meta name=\"twitter:label1\" content=\"Gesch\u00e4tzte Lesezeit\" \/>\n\t<meta name=\"twitter:data1\" content=\"1\u00a0Minute\" \/>\n<!-- \/ Yoast SEO plugin. -->","yoast_head_json":{"title":"\u00dcber uns - ninaKrea Blog","robots":{"index":"index","follow":"follow","max-snippet":"max-snippet:-1","max-image-preview":"max-image-preview:large","max-video-preview":"max-video-preview:-1"},"canonical":"https:\/\/www.ninakrea.de\/blog\/ueber-mich\/","twitter_misc":{"Gesch\u00e4tzte Lesezeit":"1\u00a0Minute"},"schema":{"@context":"https:\/\/schema.org","@graph":[{"@type":"WebPage","@id":"https:\/\/www.ninakrea.de\/blog\/ueber-mich\/","url":"https:\/\/www.ninakrea.de\/blog\/ueber-mich\/","name":"\u00dcber uns - ninaKrea Blog","isPartOf":{"@id":"https:\/\/www.ninakrea.de\/blog\/#website"},"datePublished":"2014-04-11T17:47:10+00:00","dateModified":"2026-02-12T08:03:14+00:00","breadcrumb":{"@id":"https:\/\/www.ninakrea.de\/blog\/ueber-mich\/#breadcrumb"},"inLanguage":"de","potentialAction":[{"@type":"ReadAction","target":["https:\/\/www.ninakrea.de\/blog\/ueber-mich\/"]}]},{"@type":"BreadcrumbList","@id":"https:\/\/www.ninakrea.de\/blog\/ueber-mich\/#breadcrumb","itemListElement":[{"@type":"ListItem","position":1,"name":"Home","item":"https:\/\/www.ninakrea.de\/blog\/"},{"@type":"ListItem","position":2,"name":"\u00dcber uns"}]},{"@type":"WebSite","@id":"https:\/\/www.ninakrea.de\/blog\/#website","url":"https:\/\/www.ninakrea.de\/blog\/","name":"ninaKrea Blog","description":"Der kreative Blog","potentialAction":[{"@type":"SearchAction","target":{"@type":"EntryPoint","urlTemplate":"https:\/\/www.ninakrea.de\/blog\/?s={search_term_string}"},"query-input":{"@type":"PropertyValueSpecification","valueRequired":true,"valueName":"search_term_string"}}],"inLanguage":"de"}]}},"_links":{"self":[{"href":"https:\/\/www.ninakrea.de\/blog\/wp-json\/wp\/v2\/pages\/42","targetHints":{"allow":["GET"]}}],"collection":[{"href":"https:\/\/www.ninakrea.de\/blog\/wp-json\/wp\/v2\/pages"}],"about":[{"href":"https:\/\/www.ninakrea.de\/blog\/wp-json\/wp\/v2\/types\/page"}],"author":[{"embeddable":true,"href":"https:\/\/www.ninakrea.de\/blog\/wp-json\/wp\/v2\/users\/1"}],"replies":[{"embeddable":true,"href":"https:\/\/www.ninakrea.de\/blog\/wp-json\/wp\/v2\/comments?post=42"}],"version-history":[{"count":13,"href":"https:\/\/www.ninakrea.de\/blog\/wp-json\/wp\/v2\/pages\/42\/revisions"}],"predecessor-version":[{"id":1522,"href":"https:\/\/www.ninakrea.de\/blog\/wp-json\/wp\/v2\/pages\/42\/revisions\/1522"}],"wp:attachment":[{"href":"https:\/\/www.ninakrea.de\/blog\/wp-json\/wp\/v2\/media?parent=42"}],"curies":[{"name":"wp","href":"https:\/\/api.w.org\/{rel}","templated":true}]}}